{"id":8315,"date":"2022-05-06T18:55:03","date_gmt":"2022-05-06T23:55:03","guid":{"rendered":"https:\/\/pmbuilding.com.pe\/arbuilding\/?page_id=8315"},"modified":"2022-05-11T10:12:58","modified_gmt":"2022-05-11T15:12:58","slug":"politica-ambiental","status":"publish","type":"page","link":"https:\/\/pmbuilding.com.pe\/arbuilding\/politica-ambiental\/","title":{"rendered":"POL\u00cdTICA AMBIENTAL"},"content":{"rendered":"<p>[vc_row][vc_column][vc_single_image image=\u00bb8326&#8243; img_size=\u00bbfull\u00bb alignment=\u00bbcenter\u00bb parallax_scroll=\u00bbno\u00bb][\/vc_column][\/vc_row][vc_row css=\u00bb.vc_custom_1651881326314{padding-top: 60px !important;padding-bottom: 60px !important;}\u00bb mobile_bg_img_hidden=\u00bbno\u00bb tablet_bg_img_hidden=\u00bbno\u00bb woodmart_parallax=\u00bb0&#8243; woodmart_gradient_switch=\u00bbno\u00bb row_reverse_mobile=\u00bb0&#8243; row_reverse_tablet=\u00bb0&#8243; woodmart_disable_overflow=\u00bb0&#8243;][vc_column][vc_column_text text_larger=\u00bbno\u00bb]<\/p>\n<p style=\"text-align: justify;\">Buscamos llevar adelante nuestros proyectos, contribuyendo al desarrollo de la sociedad, haciendo uso responsable de los recursos naturales y el Medio Ambiente, velamos por la <u>NO<\/u> contaminaci\u00f3n del Medio Ambiente, apoyados siempre en el principio de prevenci\u00f3n de la contaminaci\u00f3n y de incidentes ambientales.<\/p>\n<p style=\"text-align: justify;\">Estamos comprometidos con:<\/p>\n<ul>\n<li style=\"text-align: justify;\">Identificar y controlar los aspectos ambientales significativos de nuestras actividades y procesos.<\/li>\n<li style=\"text-align: justify;\">Identificar los peligros, evaluar y controlar los riesgos significativos de Salud, Seguridad Ocupacional y Medio Ambiente en el \u00e1rea de trabajo.<\/li>\n<li style=\"text-align: justify;\">Cumplir con la normativa legal aplicable y otros que se adopten voluntariamente.<\/li>\n<li style=\"text-align: justify;\">Evaluar nuestro desempe\u00f1o para mejorar continuamente nuestros procesos, los resultados sobre el Medio Ambiente y satisfacci\u00f3n de los clientes.<\/li>\n<li style=\"text-align: justify;\">Minimizar los residuos de la obra y\/o dar un adecuado tratamiento a los que se generen, respetando al Medio Ambiente.<\/li>\n<\/ul>\n<p>[\/vc_column_text][\/vc_column][\/vc_row]<\/p>\n","protected":false},"excerpt":{"rendered":"<p>[vc_row][vc_column][vc_single_image image=\u00bb8326&#8243; img_size=\u00bbfull\u00bb alignment=\u00bbcenter\u00bb parallax_scroll=\u00bbno\u00bb][\/vc_column][\/vc_row][vc_row css=\u00bb.vc_custom_1651881326314{padding-top: 60px !important;padding-bottom: 60px !important;}\u00bb mobile_bg_img_hidden=\u00bbno\u00bb tablet_bg_img_hidden=\u00bbno\u00bb woodmart_parallax=\u00bb0&#8243; woodmart_gradient_switch=\u00bbno\u00bb row_reverse_mobile=\u00bb0&#8243; row_reverse_tablet=\u00bb0&#8243; woodmart_disable_overflow=\u00bb0&#8243;][vc_column][vc_column_text text_larger=\u00bbno\u00bb] Buscamos llevar<\/p>\n","protected":false},"author":1,"featured_media":0,"parent":0,"menu_order":0,"comment_status":"closed","ping_status":"closed","template":"","meta":{"footnotes":""},"_links":{"self":[{"href":"https:\/\/pmbuilding.com.pe\/arbuilding\/wp-json\/wp\/v2\/pages\/8315"}],"collection":[{"href":"https:\/\/pmbuilding.com.pe\/arbuilding\/wp-json\/wp\/v2\/pages"}],"about":[{"href":"https:\/\/pmbuilding.com.pe\/arbuilding\/wp-json\/wp\/v2\/types\/page"}],"author":[{"embeddable":true,"href":"https:\/\/pmbuilding.com.pe\/arbuilding\/wp-json\/wp\/v2\/users\/1"}],"replies":[{"embeddable":true,"href":"https:\/\/pmbuilding.com.pe\/arbuilding\/wp-json\/wp\/v2\/comments?post=8315"}],"version-history":[{"count":3,"href":"https:\/\/pmbuilding.com.pe\/arbuilding\/wp-json\/wp\/v2\/pages\/8315\/revisions"}],"predecessor-version":[{"id":8327,"href":"https:\/\/pmbuilding.com.pe\/arbuilding\/wp-json\/wp\/v2\/pages\/8315\/revisions\/8327"}],"wp:attachment":[{"href":"https:\/\/pmbuilding.com.pe\/arbuilding\/wp-json\/wp\/v2\/media?parent=8315"}],"curies":[{"name":"wp","href":"https:\/\/api.w.org\/{rel}","templated":true}]}}